{"id":3,"date":"2025-03-19T12:21:46","date_gmt":"2025-03-19T12:21:46","guid":{"rendered":"https:\/\/turla.app\/?page_id=3"},"modified":"2025-04-11T18:20:13","modified_gmt":"2025-04-11T18:20:13","slug":"privacy-policy","status":"publish","type":"page","link":"https:\/\/turla.app\/index.php\/privacy-policy\/","title":{"rendered":"Privacy Policy"},"content":{"rendered":"\n<h2 class=\"wp-block-heading\"><\/h2>\n\n\n\n<p>K\u0130\u015e\u0130SEL VER\u0130LER\u0130N KORUNMASI<\/p>\n\n\n\n<p>&nbsp;AYDINLATMA METN\u0130<\/p>\n\n\n\n<p>Rateltech Yaz\u0131l\u0131m Anonim \u015eirketi&nbsp; (\u201cVeri Sorumlusu\u201d) olarak faaliyetlerimizi s\u00fcrd\u00fcr\u00fcrken y\u00f6netti\u011fimiz ki\u015fisel verilere sayg\u0131 duyuyor ve ki\u015fisel verilerin i\u015flenmesinde \u00f6ncelikli olarak \u00f6zel hayat\u0131n gizlili\u011fi olmak \u00fczere temel hak ve \u00f6zg\u00fcrl\u00fcklerin korunmas\u0131n\u0131 \u00f6nemsiyoruz. 6698 say\u0131l\u0131 Ki\u015fisel Verilerin Korunmas\u0131 Kanunu (\u201cKVKK\u201d) kapsam\u0131nda veri sorumlusu s\u0131fat\u0131yla, bu ayd\u0131nlatma metniyle ki\u015fisel verilerinizin al\u0131nma \u015fekilleri, i\u015flenme ama\u00e7lar\u0131, hukuki nedenleri ve kar\u015f\u0131l\u0131kl\u0131 hak ve y\u00fck\u00fcml\u00fcl\u00fcklerimiz konusunda sizlere bilgi vermek ve onay\u0131n\u0131z\u0131 almak istiyoruz.<\/p>\n\n\n\n<ol class=\"wp-block-list\">\n<li><strong>Ki\u015fisel Verilerin Toplanmas\u0131, \u0130\u015flenmesi ve \u0130\u015fleme Ama\u00e7lar\u0131<\/strong><\/li>\n<\/ol>\n\n\n\n<p>\u0130\u015fbu Ayd\u0131nlatma Metninde yer verilen ki\u015fisel verileriniz TURLA Uygulamas\u0131 (application), e-posta, ikili telefon g\u00f6r\u00fc\u015fmeleri, internet sitesi, sosyal medya veya benzeri elektronik ileti\u015fim vas\u0131talar\u0131 \u00fczerinden s\u00f6zl\u00fc, yaz\u0131l\u0131 veya elektronik olarak Veri Sorumlusu sorumlu \u00e7al\u0131\u015fanlar\u0131 taraf\u0131ndan toplanabilecektir. Ki\u015fisel Verileriniz KVKK\u2019n\u0131n 5. Maddesinde yer alan;<\/p>\n\n\n\n<ol style=\"list-style-type:lower-alpha\" class=\"wp-block-list\">\n<li>Kanunlarda a\u00e7\u0131k\u00e7a \u00f6ng\u00f6r\u00fclmesi.<\/li>\n\n\n\n<li>Bir s\u00f6zle\u015fmenin kurulmas\u0131 veya ifas\u0131yla do\u011frudan do\u011fruya ilgili olmas\u0131 kayd\u0131yla, s\u00f6zle\u015fmenin taraflar\u0131na ait ki\u015fisel verilerin i\u015flenmesinin gerekli olmas\u0131.<\/li>\n\n\n\n<li>Veri sorumlusunun hukuki y\u00fck\u00fcml\u00fcl\u00fc\u011f\u00fcn\u00fc yerine getirebilmesi i\u00e7in zorunlu olmas\u0131.<\/li>\n\n\n\n<li>\u0130lgili ki\u015finin kendisi taraf\u0131ndan alenile\u015ftirilmi\u015f olmas\u0131.<\/li>\n\n\n\n<li>Bir hakk\u0131n tesisi, kullan\u0131lmas\u0131 veya korunmas\u0131 i\u00e7in veri i\u015flemenin zorunlu olmas\u0131.<\/li>\n\n\n\n<li>\u0130lgili ki\u015finin temel hak ve \u00f6zg\u00fcrl\u00fcklerine zarar vermemek kayd\u0131yla, veri sorumlusunun me\u015fru menfaatleri i\u00e7in veri i\u015flenmesinin zorunlu olmas\u0131<\/li>\n<\/ol>\n\n\n\n<p>nedenlerine istinaden i\u015flenecektir.<\/p>\n\n\n\n<p>Ki\u015fisel verileriniz, a\u015fa\u011f\u0131da belirtilen ama\u00e7larla i\u015flenmektedir:<\/p>\n\n\n\n<ul class=\"wp-block-list\">\n<li>Uygulama ve internet sitesi \u00fczerinden hizmet sa\u011flanmas\u0131, hizmetlerin iyile\u015ftirilmesi,<\/li>\n\n\n\n<li>Kampanya, indirim ve f\u0131rsatlar\u0131n bildirilmesi,<\/li>\n\n\n\n<li>Pazarlama, tan\u0131t\u0131m ve anket faaliyetlerinin yap\u0131lmas\u0131,<\/li>\n\n\n\n<li>Uygulaman\u0131n g\u00fcncellenmesi halinde bu g\u00fcncellemelerin bildirilmesi,<\/li>\n\n\n\n<li>S\u00f6zle\u015fmenin g\u00fcncellenmesi halinde bu g\u00fcncellemelerin bildirilmesi,<\/li>\n\n\n\n<li>G\u00fcvenlik nedeni ile kontrollerin ger\u00e7ekle\u015ftirilmesi,<\/li>\n\n\n\n<li>Olas\u0131 bir acil durumda hastane, polis vb. kurumlara bilgilerin aktar\u0131lmas\u0131 ve sizlere ula\u015f\u0131lmas\u0131n\u0131n sa\u011flanmas\u0131,<\/li>\n\n\n\n<li>G\u00fcvenlik sorunlar\u0131, k\u00f6t\u00fcye kullan\u0131m, yasad\u0131\u015f\u0131 kullan\u0131m, doland\u0131r\u0131c\u0131l\u0131k gibi sorunlar\u0131n tespit edilmesi, \u00f6nlenmesi,<\/li>\n\n\n\n<li>Analizlerin yap\u0131lmas\u0131 ve destek hizmetlerinin d\u00fczenlenmesi,<\/li>\n\n\n\n<li>Acil durum takibi,<\/li>\n\n\n\n<li>Mali ve finansal i\u015flerin y\u00fcr\u00fct\u00fclmesi, faturaland\u0131rma yap\u0131lmas\u0131,<\/li>\n\n\n\n<li>Hukuk i\u015flerinin takibi,<\/li>\n\n\n\n<li>Lojistik faaliyetlerin planlanmas\u0131,<\/li>\n\n\n\n<li>Lokasyon takibinin yap\u0131lmas\u0131,<\/li>\n\n\n\n<li>Kurumsal ileti\u015fimin sa\u011flanmas\u0131 ve ger\u00e7ekle\u015ftirilmesi,<\/li>\n\n\n\n<li>Faaliyet ve operasyon planlamas\u0131,<\/li>\n\n\n\n<li>Faaliyet, pazarlama, ticari ve i\u015f stratejilerinin belirlenmesi.<\/li>\n<\/ul>\n\n\n\n<ul class=\"wp-block-list\">\n<li><strong>Veri Sorumlusu Taraf\u0131ndan \u0130\u015flenen Ki\u015fisel Verileriniz<\/strong><\/li>\n<\/ul>\n\n\n\n<figure class=\"wp-block-table\"><table class=\"has-fixed-layout\"><tbody><tr><td><strong>Kategori<\/strong><\/td><td><strong>A\u00e7\u0131klama<\/strong><\/td><\/tr><tr><td>Kimlik<\/td><td>\u0130sim, soy isim, TC Kimlik Numaras\u0131, do\u011fum tarihi, cinsiyet<\/td><\/tr><tr><td>\u0130leti\u015fim<\/td><td>Telefon numaras\u0131, e-posta adresi, ileti\u015fim adresi<\/td><\/tr><tr><td>Lokasyon<\/td><td>Bulundu\u011fu yerin konum bilgisi (scooter arac\u0131l\u0131\u011f\u0131 ile elde edilmektedir), yolculuk ba\u015flang\u0131\u00e7 ve biti\u015f adresleri, ge\u00e7mi\u015f yolculuk bilgileri, kullan\u0131m s\u00fcresi<\/td><\/tr><tr><td>M\u00fc\u015fteri \u0130\u015flem<\/td><td>\u00c7a\u011fr\u0131 merkezi kay\u0131tlar\u0131, uygulama kullan\u0131m ge\u00e7mi\u015fi ve s\u00fcresi, \u00fcyelik tarihi, \u00f6neri ve \u015fik\u00e2yetler, uygulama hatalar\u0131<\/td><\/tr><tr><td>Muhasebe\/Finans<\/td><td>Kredi kart\u0131 ilk 6 ve son 4 hanesi, kredi kart\u0131 son kullan\u0131m tarihi, \u0130\u015f Bankas\u0131 Moka taraf\u0131ndan verilen token, Moka m\u00fc\u015fteri numaras\u0131, c\u00fczdan bakiyesi, fatura tutar\u0131, fatura tarihi<\/td><\/tr><tr><td><a>\u0130\u015flem G\u00fcvenli\u011fi<\/a><\/td><td>IP adresi bilgileri, internet sitesi giri\u015f \u00e7\u0131k\u0131\u015f bilgileri, \u015fifre ve parola bilgileri, kullan\u0131lan cihaz t\u00fcr\u00fc, i\u015fletim sistemi <a href=\"#_msocom_1\">[A1]<\/a>&nbsp;<strong><\/strong><\/td><\/tr><\/tbody><\/table><\/figure>\n\n\n\n<ul class=\"wp-block-list\">\n<li><strong>Ki\u015fisel Verilerin Aktar\u0131lmas\u0131<\/strong><\/li>\n<\/ul>\n\n\n\n<p>Ki\u015fisel verileriniz, yukar\u0131da belirtilen ama\u00e7lar d\u00e2hilinde ilgili yasal h\u00fck\u00fcmler ve KVKK\u2019n\u0131n 8. (<em>ki\u015fisel veriler a\u00e7\u0131k r\u0131za olmaks\u0131z\u0131n aktar\u0131lamaz;<\/em> <em>KVKK madde 5\u2019te yer alan \u015fartlar\u0131n birinin varl\u0131\u011f\u0131 halinde a\u00e7\u0131k r\u0131za aranmaks\u0131z\u0131n aktar\u0131labilir<\/em>) ve 9. (<em>ki\u015fisel veriler a\u00e7\u0131k r\u0131za olmaks\u0131z\u0131n yurtd\u0131\u015f\u0131na aktar\u0131lamaz; KVKK madde 5\u2019te yer alan \u015fartlar\u0131n birinin varl\u0131\u011f\u0131 ve aktar\u0131lan yabanc\u0131 \u00fclkede yeterli koruma bulunmas\u0131 veya yeterli koruma bulunmamas\u0131 halinde yabanc\u0131 \u00fclkedeki veri sorumlular\u0131n\u0131n yeterli bir korumay\u0131 yaz\u0131l\u0131 olarak taahh\u00fct etmeleri ve Kurumun izninin bulunmas\u0131 halinde a\u00e7\u0131k r\u0131za aranmaks\u0131z\u0131n aktar\u0131labilir) <\/em>maddelerinde belirtilen ki\u015fisel veri i\u015fleme \u015fartlar\u0131 ve ama\u00e7lar\u0131 \u00e7er\u00e7evesinde; yurti\u00e7inde bulunan i\u015f ortaklar\u0131na, sunuculara, hissedarlara, i\u015ftiraklere, faaliyetlerin tamamlay\u0131c\u0131s\u0131 veya uzant\u0131s\u0131 niteli\u011finde hizmet ald\u0131\u011f\u0131 \u015firketlere, kamu kurum ve kurulu\u015flar\u0131na, ilgili bakanl\u0131klara, kolluk kuvvetlerine aktar\u0131lmaktad\u0131r.<\/p>\n\n\n\n<ul class=\"wp-block-list\">\n<li><strong>Ki\u015fisel Verilerinizin Saklanmas\u0131 ve \u0130mha Edilmesi<\/strong><\/li>\n<\/ul>\n\n\n\n<p>\u0130\u015fbu Ayd\u0131nlatma Metni kapsam\u0131nda toplanan ki\u015fisel verileriniz Veri Sorumlusu taraf\u0131ndan ilgili verinin i\u015flenme amac\u0131 do\u011frultusunda gereken s\u00fcre boyunca i\u015flenmektedir. \u0130lgili verinin i\u015flenme amac\u0131n\u0131n ortadan kalkmas\u0131 veya sona ermesi halinde verileriniz KVKK\u2019da \u00f6ng\u00f6r\u00fclen usuller uyar\u0131nca imha edilmektedir.&nbsp;<\/p>\n\n\n\n<ul class=\"wp-block-list\">\n<li><strong>Ki\u015fisel Veri Sahibinin Haklar\u0131<\/strong><\/li>\n<\/ul>\n\n\n\n<p>Ki\u015fisel veri sahibi olarak, KVKK\u2019n\u0131n 11. maddesi uyar\u0131nca, a\u015fa\u011f\u0131da belirtilen haklar\u0131n\u0131z bulunmaktad\u0131r:<\/p>\n\n\n\n<ul class=\"wp-block-list\">\n<li>Ki\u015fisel veri i\u015flenip i\u015flenmedi\u011fini \u00f6\u011frenme,<\/li>\n\n\n\n<li>Ki\u015fisel veri i\u015flenmi\u015fse buna ili\u015fkin bilgi talep etme,<\/li>\n\n\n\n<li>Ki\u015fisel verilerin i\u015flenme amac\u0131n\u0131 ve bunlar\u0131n amac\u0131na uygun kullan\u0131l\u0131p kullan\u0131lmad\u0131\u011f\u0131n\u0131 \u00f6\u011frenme,<\/li>\n\n\n\n<li>Yurt i\u00e7inde veya yurt d\u0131\u015f\u0131nda ki\u015fisel verilerin aktar\u0131ld\u0131\u011f\u0131 \u00fc\u00e7\u00fcnc\u00fc ki\u015fileri bilme,<\/li>\n\n\n\n<li>Ki\u015fisel verilerin eksik veya yanl\u0131\u015f i\u015flenmi\u015f olmas\u0131 halinde bunlar\u0131n d\u00fczeltilmesini isteme,<\/li>\n\n\n\n<li>KVKK mevzuat\u0131nda \u00f6ng\u00f6r\u00fclen \u015fartlar \u00e7er\u00e7evesinde ki\u015fisel verilerin silinmesini veya yok edilmesini isteme ve bu kapsamda yap\u0131lan i\u015flemin ki\u015fisel verilerin aktar\u0131ld\u0131\u011f\u0131 \u00fc\u00e7\u00fcnc\u00fc ki\u015filere bildirilmesini isteme,<\/li>\n\n\n\n<li>\u0130\u015flenen verilerin otomatik i\u015flemler vas\u0131tas\u0131yla analiz edilmesi suretiyle ki\u015finin kendisi aleyhine bir sonucun ortaya \u00e7\u0131kmas\u0131na itiraz etme,<\/li>\n\n\n\n<li>Ki\u015fisel verilerin kanuna ayk\u0131r\u0131 olarak i\u015flenmesi sebebiyle zarara u\u011franmas\u0131 halinde zarar\u0131n giderilmesini talep etme.<\/li>\n<\/ul>\n\n\n\n<p>Bu haklar\u0131n\u0131z\u0131 kullanmak ile ilgili talebinizi kimli\u011finizi tespit edici belgeler ile \u0131slak imzal\u0131 ve yaz\u0131l\u0131 olarak a\u015fa\u011f\u0131da belirtilen posta, faks veya kay\u0131tl\u0131 elektronik posta adresimize g\u00fcvenli elektronik imzal\u0131 olarak veya Ki\u015fisel Verileri Koruma Kurulu taraf\u0131ndan ayr\u0131 bir y\u00f6ntem belirlenmesi halinde bu y\u00f6nteme uygun olarak bize iletebilirsiniz. Ba\u015fvurular\u0131n\u0131z en ge\u00e7 30 g\u00fcn i\u00e7erisinde sonu\u00e7land\u0131r\u0131lacakt\u0131r.<\/p>\n\n\n\n<p><strong><u>Rateltech Yaz\u0131l\u0131m Anonim \u015eirketi\u2019ne <\/u><\/strong><strong><u>ili\u015fkin talepleriniz i\u00e7in ileti\u015fim adreslerimiz a\u015fa\u011f\u0131daki \u015fekildedir:<\/u><\/strong><\/p>\n\n\n\n<p>Adres&nbsp;&nbsp;&nbsp;&nbsp;&nbsp;&nbsp;&nbsp;&nbsp;&nbsp;&nbsp;&nbsp;&nbsp;&nbsp;&nbsp;&nbsp; : G\u00fclbah\u00e7e Mh. G\u00fclbah\u00e7e Cd. \u0130yte Sit. Teknopark \u0130zmir A4 Binas\u0131 No:1\/19\/04 Urla\/\u0130zmir<\/p>\n\n\n\n<p>Telefon &nbsp;&nbsp;&nbsp;&nbsp;&nbsp;&nbsp;&nbsp;&nbsp;&nbsp;&nbsp;&nbsp; : 0850 532 6750<\/p>\n\n\n\n<p>E-posta &nbsp;&nbsp;&nbsp;&nbsp;&nbsp;&nbsp;&nbsp;&nbsp;&nbsp;&nbsp;&nbsp; : <a href=\"mailto:info@turla.app\">info@turla.app<\/a><\/p>\n\n\n\n<p>Vergi Dairesi&nbsp;&nbsp;&nbsp;&nbsp; : Urla V.D.<\/p>\n\n\n\n<p>Vergi No:&nbsp;&nbsp;&nbsp;&nbsp;&nbsp;&nbsp;&nbsp;&nbsp;&nbsp; : 7341729808<\/p>\n\n\n\n<hr class=\"wp-block-separator has-alpha-channel-opacity\"\/>\n\n\n\n<p><a id=\"_msocom_1\"><\/a><\/p>\n\n\n\n<p>&nbsp;<a href=\"#_msoanchor_1\">[A1]<\/a>Bu k\u0131sm\u0131 teyit ediniz l\u00fctfen.<\/p>\n","protected":false},"excerpt":{"rendered":"<p>K\u0130\u015e\u0130SEL VER\u0130LER\u0130N KORUNMASI &nbsp;AYDINLATMA METN\u0130 Rateltech Yaz\u0131l\u0131m Anonim \u015eirketi&nbsp; (\u201cVeri Sorumlusu\u201d) olarak faaliyetlerimizi s\u00fcrd\u00fcr\u00fcrken y\u00f6netti\u011fimiz ki\u015fisel verilere sayg\u0131 duyuyor ve ki\u015fisel verilerin i\u015flenmesinde \u00f6ncelikli olarak \u00f6zel hayat\u0131n gizlili\u011fi olmak \u00fczere temel hak ve \u00f6zg\u00fcrl\u00fcklerin korunmas\u0131n\u0131 \u00f6nemsiyoruz. 6698 say\u0131l\u0131 Ki\u015fisel Verilerin Korunmas\u0131 Kanunu (\u201cKVKK\u201d) kapsam\u0131nda veri sorumlusu s\u0131fat\u0131yla, bu ayd\u0131nlatma metniyle ki\u015fisel verilerinizin al\u0131nma \u015fekilleri, i\u015flenme [&hellip;]<\/p>\n","protected":false},"author":1,"featured_media":0,"parent":0,"menu_order":0,"comment_status":"closed","ping_status":"open","template":"","meta":{"footnotes":""},"class_list":["post-3","page","type-page","status-publish","hentry"],"_links":{"self":[{"href":"https:\/\/turla.app\/index.php\/wp-json\/wp\/v2\/pages\/3","targetHints":{"allow":["GET"]}}],"collection":[{"href":"https:\/\/turla.app\/index.php\/wp-json\/wp\/v2\/pages"}],"about":[{"href":"https:\/\/turla.app\/index.php\/wp-json\/wp\/v2\/types\/page"}],"author":[{"embeddable":true,"href":"https:\/\/turla.app\/index.php\/wp-json\/wp\/v2\/users\/1"}],"replies":[{"embeddable":true,"href":"https:\/\/turla.app\/index.php\/wp-json\/wp\/v2\/comments?post=3"}],"version-history":[{"count":1,"href":"https:\/\/turla.app\/index.php\/wp-json\/wp\/v2\/pages\/3\/revisions"}],"predecessor-version":[{"id":376,"href":"https:\/\/turla.app\/index.php\/wp-json\/wp\/v2\/pages\/3\/revisions\/376"}],"wp:attachment":[{"href":"https:\/\/turla.app\/index.php\/wp-json\/wp\/v2\/media?parent=3"}],"curies":[{"name":"wp","href":"https:\/\/api.w.org\/{rel}","templated":true}]}}